{"id":482,"date":"2025-10-16T22:30:59","date_gmt":"2025-10-17T01:30:59","guid":{"rendered":"https:\/\/sabrinaejonathan.com.br\/?page_id=482"},"modified":"2026-04-06T10:07:35","modified_gmt":"2026-04-06T13:07:35","slug":"local","status":"publish","type":"page","link":"https:\/\/sabrinaejonathan.com.br\/en\/local\/","title":{"rendered":"Location"},"content":{"rendered":"<div class=\"wp-block-group\"><div class=\"wp-block-group__inner-container is-layout-constrained wp-block-group-is-layout-constrained\">\n<p>The place we chose for our ceremony and celebration was <strong>S\u00edtio Recanto da Saudade<\/strong> surrounded by nature, with lots of greenery, flowers and a beautiful view.<\/p>\n\n\n\n<div class=\"wp-block-columns is-layout-flex wp-container-core-columns-is-layout-9d6595d7 wp-block-columns-is-layout-flex\">\n<div class=\"wp-block-column is-layout-flow wp-block-column-is-layout-flow\"><div class=\"wp-block-image\">\n<figure class=\"aligncenter size-full\"><img decoding=\"async\" width=\"683\" height=\"944\" src=\"https:\/\/sabrinaejonathan.com.br\/wp-content\/uploads\/2025\/10\/sitio1.jpg\" alt=\"\" class=\"wp-image-500\" srcset=\"https:\/\/sabrinaejonathan.com.br\/wp-content\/uploads\/2025\/10\/sitio1.jpg 683w, https:\/\/sabrinaejonathan.com.br\/wp-content\/uploads\/2025\/10\/sitio1-217x300.jpg 217w, https:\/\/sabrinaejonathan.com.br\/wp-content\/uploads\/2025\/10\/sitio1-376x520.jpg 376w\" sizes=\"(max-width: 683px) 100vw, 683px\" \/><\/figure>\n<\/div><\/div>\n\n\n\n<div class=\"wp-block-column is-layout-flow wp-block-column-is-layout-flow\"><div class=\"wp-block-image\">\n<figure class=\"aligncenter size-full\"><img decoding=\"async\" width=\"682\" height=\"937\" src=\"https:\/\/sabrinaejonathan.com.br\/wp-content\/uploads\/2025\/10\/sitio2.jpg\" alt=\"\" class=\"wp-image-502\" srcset=\"https:\/\/sabrinaejonathan.com.br\/wp-content\/uploads\/2025\/10\/sitio2.jpg 682w, https:\/\/sabrinaejonathan.com.br\/wp-content\/uploads\/2025\/10\/sitio2-218x300.jpg 218w, https:\/\/sabrinaejonathan.com.br\/wp-content\/uploads\/2025\/10\/sitio2-378x520.jpg 378w\" sizes=\"(max-width: 682px) 100vw, 682px\" \/><\/figure>\n<\/div><\/div>\n<\/div>\n\n\n\n<p><em>Address:<\/em><br><strong>S\u00edtio Recanto da Saudade<\/strong><br>RJ-150, Km 9 \/ Rua Arminda Gripp, R. Folly, 480<br>Amparo, Nova Friburgo &#8211; RJ, 28605-606<\/p>\n\n\n\n<iframe src=\"https:\/\/www.google.com\/maps\/embed?pb=!1m18!1m12!1m3!1d3692.576838202082!2d-42.473313124708746!3d-22.256128779718367!2m3!1f0!2f0!3f0!3m2!1i1024!2i768!4f13.1!3m3!1m2!1s0x97f3c2638a24e5%3A0x3cc171120c2d2959!2sS%C3%ADtio%20Recanto%20da%20Saudade!5e0!3m2!1spt-BR!2sbr!4v1760668624877!5m2!1spt-BR!2sbr\" width=\"600\" height=\"450\" style=\"border:0;\" allowfullscreen=\"\" loading=\"lazy\" referrerpolicy=\"no-referrer-when-downgrade\"><\/iframe>\n<\/div><\/div>\n\n\n\n<p><a href=\"https:\/\/www.google.com\/maps?q=S%C3%ADtio+Recanto+da+Saudade,+Nova+Friburgo\" target=\"_blank\" rel=\"noreferrer noopener\">\ud83d\udccd View on Google Maps \u2197\ufe0f<br><\/a><a href=\"https:\/\/ul.waze.com\/ul?place=ChIJ5SSKY8LzlwARWSktDBJxwTw&amp;ll=-22.25612880%2C-42.47073820&amp;navigate=yes&amp;utm_campaign=default&amp;utm_source=waze_website&amp;utm_medium=lm_share_location\" target=\"_blank\" rel=\"noreferrer noopener\">\ud83d\ude97 View on Waze \u2197\ufe0f<br><\/a><a href=\"https:\/\/www.instagram.com\/sitiorecantodasaudade\/\" target=\"_blank\" rel=\"noreferrer noopener\">\ud83d\udcf7 Instagram \u2197\ufe0f<\/a><\/p>","protected":false},"excerpt":{"rendered":"O cen\u00e1rio escolhido para nossa cerim\u00f4nia e festa foi o S\u00edtio Recanto da Saudade cercado pela natureza, com muito verde, flores e uma vista linda. Endere\u00e7o:S\u00edtio Recanto da SaudadeRJ-150, Km 9 \/ Rua Arminda Gripp, R. Folly, 480Amparo, Nova Friburgo &#8211; RJ, 28605-606 \ud83d\udccd Ver no Google Maps \u2197\ufe0f\ud83d\ude97 Ver no Waze \u2197\ufe0f\ud83d\udcf7 Instagram do&#8230; <a class=\"view-article\" href=\"https:\/\/sabrinaejonathan.com.br\/en\/local\/\">View Article<\/a>","protected":false},"author":1,"featured_media":0,"parent":0,"menu_order":0,"comment_status":"closed","ping_status":"closed","template":"","meta":{"_acf_changed":false,"footnotes":""},"class_list":["post-482","page","type-page","status-publish","hentry"],"acf":[],"_links":{"self":[{"href":"https:\/\/sabrinaejonathan.com.br\/en\/wp-json\/wp\/v2\/pages\/482","targetHints":{"allow":["GET"]}}],"collection":[{"href":"https:\/\/sabrinaejonathan.com.br\/en\/wp-json\/wp\/v2\/pages"}],"about":[{"href":"https:\/\/sabrinaejonathan.com.br\/en\/wp-json\/wp\/v2\/types\/page"}],"author":[{"embeddable":true,"href":"https:\/\/sabrinaejonathan.com.br\/en\/wp-json\/wp\/v2\/users\/1"}],"replies":[{"embeddable":true,"href":"https:\/\/sabrinaejonathan.com.br\/en\/wp-json\/wp\/v2\/comments?post=482"}],"version-history":[{"count":6,"href":"https:\/\/sabrinaejonathan.com.br\/en\/wp-json\/wp\/v2\/pages\/482\/revisions"}],"predecessor-version":[{"id":691,"href":"https:\/\/sabrinaejonathan.com.br\/en\/wp-json\/wp\/v2\/pages\/482\/revisions\/691"}],"wp:attachment":[{"href":"https:\/\/sabrinaejonathan.com.br\/en\/wp-json\/wp\/v2\/media?parent=482"}],"curies":[{"name":"wp","href":"https:\/\/api.w.org\/{rel}","templated":true}]}}