{"id":10,"date":"2022-04-04T19:33:39","date_gmt":"2022-04-04T22:33:39","guid":{"rendered":"https:\/\/sabrinaejonathan.com.br\/?page_id=10"},"modified":"2025-10-16T22:47:12","modified_gmt":"2025-10-17T01:47:12","slug":"mensagens","status":"publish","type":"page","link":"https:\/\/sabrinaejonathan.com.br\/en\/mensagens\/","title":{"rendered":"Messages"},"content":{"rendered":"<div class=\"wp-block-group\"><div class=\"wp-block-group__inner-container is-layout-constrained wp-block-group-is-layout-constrained\"><div class=\"wp-block-group form-mensagem\"><div class=\"wp-block-group__inner-container\"><button type=\"button\" class=\"sj-button btn-mensagem-show\">Leave your message<\/button><form method=\"post\" action=\"\" data-trp-original-action=\"\"><input type=\"text\" name=\"mensagem_nome\" placeholder=\"Your name\" required><textarea name=\"mensagem_texto\" placeholder=\"Message\" required><\/textarea><button type=\"submit\" class=\"sj-button\">Send<\/button><input type=\"hidden\" name=\"trp-form-language\" value=\"en\"\/><\/form><\/div><\/div><div class=\"wp-block-group mensagem-content\"><div class=\"wp-block-group__inner-container\"><ul class=\"mensagem-list infinitescroll-list\"><li class=\"mensagem-item infinitescroll-item\"><div><p>Que Deus aben\u00e7oe e cuide do amor de voc\u00eas! Que sejam muito felizes! \u2764\ufe0f\ud83d\ude4f\ud83c\udffd\u2728<\/p>\n<\/div><h3>Karyne e Leonardo<\/h3><\/li><li class=\"mensagem-item infinitescroll-item\"><div><p>Meus amores, eu desejo a vcs muitas felicidades, q Deus Nosso Pai Maior abencoe e proteja cada dia da vida de vcs\ud83d\ude4f Eu e Joao amamos muito vcs , sempre estarei aqui por vcs\ud83d\udc9e<\/p>\n<\/div><h3>Rubia e Joao Lucas<\/h3><\/li><li class=\"mensagem-item infinitescroll-item\"><div><p>Desejamos que voc\u00eas sejam ainda mais felizes, se respeitem e aproveitem muito a companhia um do outro! Que Deus aben\u00e7oe voc\u00eas! Beijos no cora\u00e7\u00e3o!<\/p>\n<\/div><h3>GISELLA E DAVI<\/h3><\/li><li class=\"mensagem-item infinitescroll-item\"><div><p>Estamos muito felizes em participar desse momento t\u00e3o importante na vida de voc\u00eas!<\/p>\n<p>Que a cada dia, o amor de voc\u00eas aumente e se multiplique! \u2764\ufe0f\u2764\ufe0f\ud83e\udd70<\/p>\n<\/div><h3>Leonardo e Gael<\/h3><\/li><li class=\"mensagem-item infinitescroll-item\"><div><p>Muito feliz por partilhar esse momento \u00fanico na vida de voc\u00eas.<br \/>\nEspecialmente ao meu amigo\/irm\u00e3o Jonathan. Que Deus aben\u00e7oe a cada dia essa uni\u00e3o. \u2764\ufe0f<\/p>\n<\/div><h3>Adilton e Amanda<\/h3><\/li><li class=\"mensagem-item infinitescroll-item\"><div><p>Sabrina e Jonathan.<br \/>\nDesejamos felicidades nessa nova etapa de voc\u00eas! Deus aben\u00e7oe sempre! Parab\u00e9ns ao casal. Abra\u00e7o.<\/p>\n<\/div><h3>HIDERALDO E RITA<\/h3><\/li><li class=\"mensagem-item infinitescroll-item\"><div><p>04 de abril \ud83d\udc8d\u2728<\/p>\n<p>Sabrina\u2026 minha amiga desde a escola \u2764\ufe0f<br \/>\nQue emo\u00e7\u00e3o ver voc\u00ea vivendo esse momento t\u00e3o lindo!<\/p>\n<p>Te ver realizando esse sonho enche meu cora\u00e7\u00e3o de alegria. Voc\u00ea merece um amor leve, verdadeiro e cheio de parceria.<\/p>\n<p>Toda felicidade do mundo pra voc\u00ea e para o Jonathan. \ud83d\udc95<\/p>\n<p>Estarei sempre aqui, torcendo por voc\u00ea.<\/p>\n<\/div><h3>Aline<\/h3><\/li><li class=\"mensagem-item infinitescroll-item\"><div><p>Meus queridos,Jonata e Sabrina,que Deus derrame suas ben\u00e7\u00e0os sobre voc\u00eas e que voc\u00eas possam viver esta uni\u00e3o para sempre,.Felicidades bjs<\/p>\n<\/div><h3>Dirce<\/h3><\/li><li class=\"mensagem-item infinitescroll-item\"><div><p>Felicidades aos noivos!!!!<br \/>\nDesejo que o amor de voc\u00eas esteja sempre se multiplicando, voc\u00eas merecem \u2764\ufe0f!!!!! Beijos!!!!<\/p>\n<\/div><h3>An\u00faxi<\/h3><\/li><li class=\"mensagem-item infinitescroll-item\"><div><p>\u00c9 um sonho ver voc\u00eas casando. Participar desse momento pra mim est\u00e1 sendo incr\u00edvel, eu amo muito voc\u00eas e podem contar comigo, para todo sempre \u2764\ufe0f<\/p>\n<\/div><h3>Gabriella<\/h3><\/li><li class=\"mensagem-item infinitescroll-item\"><div><p>Fico muito feliz pelo carinho de ter me convidado para esse momento de muita felicidade de voc\u00eas. Que Deus aben\u00e7oe sempre e muita felicidade aos noivos !<br \/>\nBeijos \ud83d\udc8b<\/p>\n<\/div><h3>Marcela<\/h3><\/li><\/ul><div class=\"page-load-status\"><p class=\"infinite-scroll-request\">Loading...<\/p><p class=\"infinite-scroll-last\"><\/p><p class=\"infinite-scroll-error\"><\/p><\/div><div class=\"pagination\"><\/div><\/div><\/div>\n<\/div><\/div>","protected":false},"excerpt":{"rendered":"","protected":false},"author":1,"featured_media":0,"parent":0,"menu_order":0,"comment_status":"closed","ping_status":"closed","template":"","meta":{"_acf_changed":false,"footnotes":""},"class_list":["post-10","page","type-page","status-publish","hentry"],"acf":[],"_links":{"self":[{"href":"https:\/\/sabrinaejonathan.com.br\/en\/wp-json\/wp\/v2\/pages\/10","targetHints":{"allow":["GET"]}}],"collection":[{"href":"https:\/\/sabrinaejonathan.com.br\/en\/wp-json\/wp\/v2\/pages"}],"about":[{"href":"https:\/\/sabrinaejonathan.com.br\/en\/wp-json\/wp\/v2\/types\/page"}],"author":[{"embeddable":true,"href":"https:\/\/sabrinaejonathan.com.br\/en\/wp-json\/wp\/v2\/users\/1"}],"replies":[{"embeddable":true,"href":"https:\/\/sabrinaejonathan.com.br\/en\/wp-json\/wp\/v2\/comments?post=10"}],"version-history":[{"count":5,"href":"https:\/\/sabrinaejonathan.com.br\/en\/wp-json\/wp\/v2\/pages\/10\/revisions"}],"predecessor-version":[{"id":506,"href":"https:\/\/sabrinaejonathan.com.br\/en\/wp-json\/wp\/v2\/pages\/10\/revisions\/506"}],"wp:attachment":[{"href":"https:\/\/sabrinaejonathan.com.br\/en\/wp-json\/wp\/v2\/media?parent=10"}],"curies":[{"name":"wp","href":"https:\/\/api.w.org\/{rel}","templated":true}]}}